{"id":257,"date":"2019-04-23T15:20:49","date_gmt":"2019-04-23T13:20:49","guid":{"rendered":"http:\/\/wp.hss-online.de\/en\/?page_id=257"},"modified":"2019-05-07T11:30:48","modified_gmt":"2019-05-07T09:30:48","slug":"agb","status":"publish","type":"page","link":"https:\/\/hss-online.de\/en\/agb\/","title":{"rendered":"AGB"},"content":{"rendered":"<div id=\"content\">\n<div class=\"content-element-container\">\n<div id=\"c365\" class=\"csc-default\">\n<p>&nbsp;<\/p>\n<h1>Allgemeine Verkaufs- und Lieferbedingungen<\/h1>\n<p class=\"bodytext\"><b>1 Allgemeines\u00a0\u00a0 Geltungsbereich<\/b><br \/>\n1.1 Unsere Verkaufs- und Lieferbedingungen gelten ausschlie\u00dflich. Diese gelten auch f\u00fcr alle k\u00fcnftigen Gesch\u00e4ftsbeziehungen, auch wenn sie nicht nochmals ausdr\u00fccklich vereinbart werden. Entgegenstehende oder von unseren Verkaufs- und Lieferbedingungen abweichende Bedingungen unserer Kunden erkennen wir nicht an, es sei denn, wir h\u00e4tten ausdr\u00fccklich schriftlich ihrer Geltung zugestimmt.<br \/>\n1.2 Unsere Verkaufs- und Lieferbedingungen gelten auch dann, wenn wir in Kenntnis entgegenstehender oder von unseren Verkaufs- und Lieferbedingungen abweichender Bedingungen des Kunden die Lieferung an den Kunden vorbehaltlos ausf\u00fchren.<br \/>\n1.3 Alle Vereinbarungen, die zwischen uns und unserem Kunden zwecks Ausf\u00fchrung dieses Vertrages getroffen werden, sind in diesem Vertrag schriftlich niedergelegt.<br \/>\n1.4 Erg\u00e4nzend gelten die &#8222;Tegernseer Gebr\u00e4uche&#8220; in der jeweils g\u00fcltigen Fassung mit Anlagen und Anhang als auch die Handelsgebr\u00e4uche der Mitglieder des Vereins Deutscher Holzeinfuhrh\u00e4user e.V. sowie die Handelsgebr\u00e4uche f\u00fcr den Verkehr mit \u00fcberseeischem Rundholz und Furnieren. Auf Anforderung werden diese Bestimmungen dem Kunden zur Verf\u00fcgung gestellt.<\/p>\n<p><b>2 Angebot &#8211; Angebotsunterlagen<\/b><br \/>\n2.1 Ist die Bestellung als Angebot gem. \u00a7 145 BGB zu qualifizieren, so k\u00f6nnen wir dieses innerhalb von zwei Wochen annehmen.<br \/>\n2.2 Zeichnungen, Abbildungen, Ma\u00dfe und Gewichte und sonstige Leistungsdaten sind nur verbindlich, wenn dies ausdr\u00fccklich schriftlich vereinbart wurde.<br \/>\nAn Abbildungen, Zeichnungen, Kalkulationen und sonstigen Unterlagen behalten wir uns Eigentums- und Urheberrechte vor. Dies gilt auch f\u00fcr solche schriftliche Unterlagen, die als &#8222;Vertraulich&#8220; bezeichnet sind. Vor ihrer Weitergabe an Dritte bedarf der Kunde unserer ausdr\u00fccklichen schriftlichen Zustimmung.<\/p>\n<p><b>3 Preise\u00a0\u00a0 Zahlungsbedingungen\u00a0\u00a0 Zahlungsverzug &#8211; Aufrechnung<\/b><br \/>\n3.1 Sofern sich aus der Auftragsbest\u00e4tigung nichts anderes ergibt, gelten unsere Preise &#8222;ab Werk&#8220; ausschlie\u00dflich Verpackung; diese wird gesondert in Rechnung gestellt.<br \/>\n3.2 Der Abzug von Skonto bedarf besonderer schriftlicher Vereinbarung.<br \/>\n3.3 Die gesetzliche Mehrwertsteuer ist nicht in unseren Preisen eingeschlossen; sie wird in gesetzlicher H\u00f6he am Tag der Rechnungsstellung in der Rechnung gesondert ausgewiesen.<br \/>\n3.4 Sofern sich aus der Auftragsbest\u00e4tigung oder mangels anderer gesonderter Vereinbarungen nichts anderes ergibt, ist der Kaufpreis netto (ohne Abzug) innerhalb von 30 Tagen ab Rechnungsdatum zur Zahlung f\u00e4llig. Es gelten die gesetzlichen Regeln betreffend die Folgen des Zahlungsverzugs.<br \/>\n3.5 Aufrechnungs- oder Zur\u00fcckbehaltungsrechte stehen dem Kunden nur zu, wenn seine Gegenanspr\u00fcche rechtskr\u00e4ftig festgestellt, unbestritten oder von uns anerkannt sind. Au\u00dferdem ist er nur zur Aus\u00fcbung eines Zur\u00fcckbehaltungsrechtes insoweit befugt, als sein Gegenanspruch auf demselben rechtlichen Verh\u00e4ltnis beruht.<\/p>\n<p><b>4 Lieferung und Lieferzeit<\/b><br \/>\n4.1 Liefertermine oder -fristen, die verbindlich vereinbart werden k\u00f6nnen, bed\u00fcrfen der Schriftform.<br \/>\n4.2 Der Beginn der von uns angegebenen Lieferzeit setzt die Abkl\u00e4rung aller technischen Fragen voraus.<br \/>\n4.3 Wir haften nicht f\u00fcr die Unm\u00f6glichkeit der Lieferung oder f\u00fcr Lieferverz\u00f6gerungen, so weit diese durch h\u00f6here Gewalt oder sonstige, zum Zeitpunkt des Vertragsabschlusses nicht vorhersehbare Ereignisse (z.B. Betriebsst\u00f6rungen aller Art, Schwierigkeiten in der Material- oder Energiebeschaffung, Transportverz\u00f6gerungen, Streiks, rechtm\u00e4\u00dfige Aussperrungen, Mangel an Arbeitskr\u00e4ften, Energie oder Rohstoffen, Schwierigkeiten bei der Beschaffung von notwendigen beh\u00f6rdlichen Genehmigungen, beh\u00f6rdliche Ma\u00dfnahmen oder die ausbleibende, nicht richtige oder nicht rechtzeitige Belieferung durch unsere Lieferanten) verursacht worden sind, die wir nicht zu vertreten haben. Sofern uns solche Ereignisse die Lieferung oder Leistung wesentlich erschweren oder unm\u00f6glich machen und die Behinderung nicht nur von<br \/>\nvor\u00fcber gehender Dauer ist, sind wir zum R\u00fccktritt vom Vertrag berechtigt. Bei Hindernissen vor\u00fcbergehender Dauer verl\u00e4ngern sich die Liefer- und Leistungsfristen oder verschieben sich die Liefer- und Leistungstermine um den Zeitraum der Behinderung zzgl. einer angemessenen Anlauffrist. Soweit unserem Kunden in Folge der Verz\u00f6gerung die Abnahme der Lieferung oder Leistung nicht zuzumuten ist, kann er durch unverz\u00fcgliche schriftliche Erkl\u00e4rung gegen \u00fcber uns vom Vertrag zur\u00fccktreten.<br \/>\n4.4 Teillieferungen und Teilleistungen sind zul\u00e4ssig, es sei denn die Teillieferung oder Teilleistung ist f\u00fcr den Unternehmer nicht von Interesse.<\/p>\n<p><b>5 Versandbedingungen\u00a0\u00a0 Gefahren\u00fcbergang<\/b><br \/>\n5.1 Soweit der Versand nicht durch unsere eigenen Fahrzeuge vorgenommen wird, rollen alle Sendungen auf Gefahr des Kunden, dem auch die Versicherung der Ware obliegt. Der Gefahren\u00fcbergangerfolgt im Zeitpunkt der \u00dcbergabe der Ware durch uns an den Versandbeauftragten bzw. den Kunden.<br \/>\n5.2 Erkennbare Transportsch\u00e4den sind unverz\u00fcglich bei der Annahme der Ware, verdeckte Transportsch\u00e4den sp\u00e4testens innerhalb von 7 Tagen nach Entdeckung bei uns bzw. bei dem anliefernden Versandbeauftragten schriftlich geltend zu machen.<br \/>\n5.3 Bei Versendung durch uns behalten wir uns die Wahl des Versandweges und die Versandart vor.<br \/>\n<b><br \/>\n6 M\u00e4ngelhaftung<\/b><br \/>\n6.1 M\u00e4ngelanspr\u00fcche des Kunden setzen voraus, dass dieser seinen nach \u00a7 377 HGB geschuldeten Untersuchungs- und R\u00fcgeobliegenheiten ordnungsgem\u00e4\u00df nachgekommen ist.<br \/>\n6.2 Soweit ein Mangel der Kaufsache vorliegt, ist der Kunde nach seiner Wahl zur Nacherf\u00fcllung in Form einer Mangelbeseitigung oder zur Lieferung einer neuen mangelfreien Sache berechtigt. Im Fall der Mangelbeseitigung oder der Ersatzlieferung sind wir verpflichtet, alle zum Zweck der Nacherf\u00fcllung<br \/>\nerforderlichen Aufwendungen, insbesondere Transport-, Wege-, Arbeits- und Materialkosten zu tragen, soweit sich diese nicht dadurch erh\u00f6hen, dass die Kaufsache nach einem anderen Ort als dem Erf\u00fcllungsort verbracht wurde.<br \/>\n6.3 Schl\u00e4gt die Nacherf\u00fcllung fehl, so ist der Kunde nach seiner Wahl berechtigt, R\u00fccktritt oder Minderung zu verlangen.<br \/>\n6.4 Wir haften nach den gesetzlichen Bestimmungen, sofern der Kunde Schadensersatzanspr\u00fcche geltend macht, die auf Vorsatz oder grober Fahrl\u00e4ssigkeit, einschlie\u00dflich von Vorsatz oder grober Fahrl\u00e4ssigkeit unserer Vertreter oder Erf\u00fcllungsgehilfen beruhen. Soweit uns keine vors\u00e4tzliche Vertragsverletzung angelastet wird, ist die Schadensersatzhaftung auf den vorhersehbaren, typischerweise eintretenden Schaden begrenzt.<br \/>\n6.5 Wir haften nach den gesetzlichen Bestimmungen, sofern wir schuldhaft eine wesentliche Vertragspflicht verletzen; auch in diesem Fall ist aber die<br \/>\nSchadensersatzhaftung auf den vorhersehbaren, typischerweise eintretenden Schaden begrenzt.<br \/>\n6.6 Soweit dem Kunden im \u00dcbrigen wegen einer fahrl\u00e4ssigen Pflichtverletzung ein Anspruch auf Ersatz des Schadens statt der Leistung zusteht, ist unsere Haftung auf Ersatz des vorhersehbaren, typischerweise eintretenden Schadens begrenzt.<br \/>\n6.7 Die Haftung wegen schuldhafter Verletzung des Lebens, des K\u00f6rpers oder der Gesundheit bleibt unber\u00fchrt; dies gilt auch f\u00fcr die zwingende Haftung nach dem Produkthaftungsgesetz.<br \/>\n6.8 Die Verj\u00e4hrungsfrist gegen \u00fcber Unternehmern betr\u00e4gt bei neu hergestellten Sachen zw\u00f6lf Monate und beginnt mit Ablieferung der Ware; diese verk\u00fcrzte Frist gilt jedoch nicht, soweit die Kaufsache \u00fcblicherweise f\u00fcr ein Bauwerk verwendet wird und den Mangel verursacht hat. Eine Gew\u00e4hrleistung f\u00fcr gebrauchte Sachen wird ausgeschlossen. Diese Verj\u00e4hrungsfristen gelten auch f\u00fcr s\u00e4mtliche Schadensersatzanspr\u00fcche, die mit einem Mangel in Verbindung stehen.<br \/>\n6.9 So weit der Unternehmer Rechte aus den R\u00fcckgriffsregelungen der \u00a7\u00a7 478, 479 BGB geltend macht, schlie\u00dfen wir die Haftung aus Schadensersatz aus, so weit nicht die Sch\u00e4den wegen der Verletzung des K\u00f6rpers, des Lebens oder der Gesundheit, auf einer fahrl\u00e4ssigen Pflichtverletzung unsererseits oder einer vors\u00e4tzlichen oder fahrl\u00e4ssigen Pflichtverletzung unserer gesetzlichen Vertreter oder Erf\u00fcllungsgehilfen beruhen. Die Verj\u00e4hrungsfrist im Fall eines Lieferregresses nach den \u00a7\u00a7 478, 479 BGB bleibt unber\u00fchrt; sie betr\u00e4gt f\u00fcnf Jahre, gerechnet ab Ablieferung der mangelhaften Sache.<br \/>\n6.10 So weit nicht vorstehend etwas Abweichendes geregelt, ist die Haftung ausgeschlossen.<\/p>\n<p><b>7 Sonstige Haftung<\/b><br \/>\n7.1 Eine weitergehende Haftung auf Schadensersatz als in \u00a7 6 vorgesehen, ist &#8211; ohne R\u00fccksicht auf die Rechtsnatur des geltend gemachten Anspruchs &#8211; ausgeschlossen. Dies gilt insbesondere f\u00fcr Schadensersatzanspr\u00fcche aus Verschulden bei Vertragsabschluss, wegen sonstiger Pflichtverletzungen oder wegen deliktischer Anspr\u00fcche auf Ersatz von Sachsch\u00e4den gem\u00e4\u00df \u00a7 823 BGB.<br \/>\n7.2 Die Begrenzung nach Abs. (1) gilt auch, soweit der Kunde anstelle eines Anspruchs auf Ersatz des Schadens, statt der Leistung Ersatz nutzloser Aufwendungen verlangt.<br \/>\n7.3 Soweit die Schadensersatzhaftung uns gegen\u00fcber ausgeschlossen oder eingeschr\u00e4nkt ist, gilt dies auch im Hinblick auf die pers\u00f6nliche Schadensersatzhaftung unserer Angestellten, Arbeitnehmer, Mitarbeiter, Vertreter und Erf\u00fcllungsgehilfen.<br \/>\nderen Verwertung befugt, der Verwertungserl\u00f6s ist auf die Verbindlichkeiten des Kunden &#8211; abz\u00fcglich angemessener Verwertungskosten &#8211; anzurechnen.<\/p>\n<p><b>8 Eigentumsvorbehalt<\/b><br \/>\n8.1 Wir behalten uns das Eigentum an der Kaufsache bis zum Eingang aller Zahlungen aus dem Liefervertrag vor. Bei vertragswidrigem Verhalten des Kunden, insbesondere bei Zahlungsverzug, sind wir berechtigt, die Kaufsache zur\u00fcckzunehmen. In der<br \/>\nZur\u00fccknahme der Kaufsache durch uns liegt ein R\u00fccktritt vom Vertrag. Wir sind nach R\u00fccknahme der Kaufsache zu deren Verwertung befugt, der Verwertungserl\u00f6s ist auf die Verbindlichkeiten des Kunden &#8211; abz\u00fcglich angemessener Verwertungskosten &#8211; anzurechnen.<br \/>\n8.2 Der Kunde ist verpflichtet, die Kaufsache pfleglich zu behandeln; insbesondere ist er verpflichtet, diese auf eigene Kosten gegen Feuer-, Wasser- und Diebstahlssch\u00e4den ausreichend zum Neuwert zu versichern. Sofern Wartungs- und Inspektionsarbeiten erforderlich sind, muss der Kunde diese auf eigene Kosten rechtzeitig durchf\u00fchren.<br \/>\n8.3 Bei Pf\u00e4ndungen oder sonstigen Eingriffen Dritter hat uns der Kunde unverz\u00fcglich schriftlich zu benachrichtigen, damit wir Klage gem\u00e4\u00df \u00a7 771 ZPO erheben k\u00f6nnen. Soweit der Dritte nicht in der Lage ist, uns die gerichtlichen und au\u00dfergerichtlichen<br \/>\nKosten einer Klage gem\u00e4\u00df \u00a7 771 ZPO zu erstatten, haftet der Kunde f\u00fcr den uns entstandenen Ausfall.<br \/>\n8.4 Der Kunde ist berechtigt, die Kaufsache im ordentlichen Gesch\u00e4ftsgang weiter zu<br \/>\nverkaufen; er tritt uns jedoch bereits jetzt alle Forderungen in H\u00f6he des Faktura-<br \/>\nEndbetrages (einschlie\u00dflich MWSt) unserer Forderung ab, die ihm aus der Weiterver\u00e4u\u00dferung gegen seine Abnehmer oder Dritte erwachsen, und zwar unabh\u00e4ngig davon, ob die Kaufsache ohne oder nach Verarbeitung weiter verkauft worden ist. Zur Einziehung dieser Forderung bleibt der Kunde auch nach der Abtretung erm\u00e4chtigt. Unsere Befugnis, die Forderung selbst einzuziehen, bleibt hiervon unber\u00fchrt. Wir verpflichten uns jedoch, die Forderung nicht einzuziehen, solange der Kunde seinen Zahlungsverpflichtungen aus den vereinnahmten Erl\u00f6sen nachkommt, nicht in Zahlungsverzug ger\u00e4t und insbesondere kein Antrag auf Er\u00f6ffnung eines Vergleichs- oder Insolvenzverfahrens gestellt ist oder<br \/>\nZahlungseinstellung vorliegt. Ist aber dies der Fall, so k\u00f6nnen wir verlangen, dass der Kunde uns die abgetretenen Forderungen und deren Schuldner bekannt gibt, alle zum Einzug erforderlichen Angaben macht, die dazugeh\u00f6rigen Unterlagen aush\u00e4ndigt und<br \/>\nden Schuldnern (Dritten) die Abtretung mitteilt.<br \/>\n8.5 Die Verarbeitung oder Umbildung der Kaufsache durch den Kunden wird stets f\u00fcr uns vorgenommen. Wird die Kaufsache mit anderen, uns nicht geh\u00f6renden Gegenst\u00e4nden verarbeitet, so erwerben wir das Miteigentum an der neuen Sache im<br \/>\nVerh\u00e4ltnis des Wertes der Kaufsache (Faktura-Endbetrag, einschlie\u00dflich MWSt) zu den anderen verarbeiteten Gegenst\u00e4nden zur Zeit der Verarbeitung. F\u00fcr die durch Verarbeitung entstehende Sache gilt im \u00dcbrigen das Gleiche wie f\u00fcr die unter Vorbehalt gelieferte Kaufsache.<br \/>\n8.6 Wird die Kaufsache mit anderen, uns nicht geh\u00f6renden Gegenst\u00e4nden untrennbar<br \/>\nvermischt, so erwerben wir das Miteigentum an der neuen Sache im Verh\u00e4ltnis des Wertes der Kaufsache (Faktura-Endbetrag, einschlie\u00dflich MWSt) zu den<br \/>\nanderen vermischten Gegenst\u00e4nden zum Zeitpunkt der Vermischung. Erfolgt die Vermischung in der Weise, dass die Sache des Kunden als Hauptsache anzusehen<br \/>\nist, so gilt als vereinbart, dass der Kunde uns anteilm\u00e4\u00dfig Miteigentum \u00fcbertr\u00e4gt.<br \/>\nDer Kunde verwahrt das so entstandene Alleineigentum oder Miteigentum f\u00fcr uns.<br \/>\n8.7 Der Kunde tritt uns auch die Forderungen zur Sicherung unserer Forderungen gegen ihn ab, die durch die Verbindung der Kaufsache mit einem Grundst\u00fcck gegen einen Dritten erwachsen.<br \/>\n8.8 Wir verpflichten uns, die uns zustehenden Sicherheiten auf Verlangen des Kunden<br \/>\ninsoweit freizugeben, als der realisierbare Wert unserer Sicherheiten die zu sichernden Forderungen um mehr als 10 % \u00fcbersteigt; die Auswahl der<br \/>\nfreizugebenden Sicherheiten obliegt uns.<\/p>\n<p><b>9 Anzuwendendes Recht<\/b><br \/>\n9.1 Vertragsverh\u00e4ltnisse, auf die diese Verkaufs- und Lieferbedingungen Anwendung finden, unterliegen ausschlie\u00dflich dem Recht der Bundesrepublik<br \/>\nDeutschland. Das \u00dcbereinkommen der Vereinten Nationen \u00fcber Vertr\u00e4ge \u00fcber den internationalen Wareneinkauf vom 11.04.1980 (CISG) gilt nicht.<br \/>\n<b><br \/>\n10 Gerichtsstand &#8211; Erf\u00fcllungsort<\/b><br \/>\n10.1 Gerichtsstand f\u00fcr alle sich aus dem Vertragsverh\u00e4ltnis ergebenden Streitigkeiten ist, wenn der Kunde Kaufmann, eine juristische Person des \u00f6ffentlichen Rechts oder ein \u00f6ffentlich-rechtliches Sonderverm\u00f6gen ist, das f\u00fcr unseren Gesch\u00e4ftssitz zust\u00e4ndige Gericht. Wir sind jedoch auch berechtigt, unseren Kunden an seinem Gesch\u00e4fts- oder Wohnsitzgericht zu verklagen.<br \/>\n10.2 Sofern sich aus der Auftragsbest\u00e4tigung nichts anderes ergibt, ist unser Gesch\u00e4ftssitz Erf\u00fcllungsort.<\/p>\n<p>(Stand 01.07.2018)<\/p>\n<\/div>\n<\/div>\n<\/div>\n","protected":false},"excerpt":{"rendered":"<p>&nbsp; Allgemeine Verkaufs- und Lieferbedingungen 1 Allgemeines\u00a0\u00a0 Geltungsbereich 1.1 Unsere Verkaufs- und Lieferbedingungen gelten ausschlie\u00dflich. Diese gelten auch f\u00fcr alle k\u00fcnftigen Gesch\u00e4ftsbeziehungen, auch wenn sie nicht nochmals ausdr\u00fccklich vereinbart werden. Entgegenstehende oder von unseren Verkaufs- und Lieferbedingungen abweichende Bedingungen unserer Kunden erkennen wir nicht an, es sei denn, wir h\u00e4tten ausdr\u00fccklich schriftlich ihrer Geltung zugestimmt. [&hellip;]<\/p>\n","protected":false},"author":1,"featured_media":0,"parent":0,"menu_order":0,"comment_status":"closed","ping_status":"closed","template":"","meta":{"footnotes":""},"aioseo_notices":[],"_links":{"self":[{"href":"https:\/\/hss-online.de\/en\/wp-json\/wp\/v2\/pages\/257"}],"collection":[{"href":"https:\/\/hss-online.de\/en\/wp-json\/wp\/v2\/pages"}],"about":[{"href":"https:\/\/hss-online.de\/en\/wp-json\/wp\/v2\/types\/page"}],"author":[{"embeddable":true,"href":"https:\/\/hss-online.de\/en\/wp-json\/wp\/v2\/users\/1"}],"replies":[{"embeddable":true,"href":"https:\/\/hss-online.de\/en\/wp-json\/wp\/v2\/comments?post=257"}],"version-history":[{"count":5,"href":"https:\/\/hss-online.de\/en\/wp-json\/wp\/v2\/pages\/257\/revisions"}],"predecessor-version":[{"id":505,"href":"https:\/\/hss-online.de\/en\/wp-json\/wp\/v2\/pages\/257\/revisions\/505"}],"wp:attachment":[{"href":"https:\/\/hss-online.de\/en\/wp-json\/wp\/v2\/media?parent=257"}],"curies":[{"name":"wp","href":"https:\/\/api.w.org\/{rel}","templated":true}]}}